{"id":3683,"date":"2018-03-16T09:59:46","date_gmt":"2018-03-16T09:59:46","guid":{"rendered":"http:\/\/fishforlife.ro\/ro\/?page_id=3683"},"modified":"2018-04-11T10:47:46","modified_gmt":"2018-04-11T10:47:46","slug":"zona-de-interventie","status":"publish","type":"page","link":"https:\/\/fishforlife.ro\/en\/zona-de-interventie\/","title":{"rendered":"Intervention Area"},"content":{"rendered":"<p>Proiectul Fish for Life va fi implementat \u00een arealul sitului Natura 2000 R\u00e2ul Gilort, ce se afl\u0103 \u00een jude\u021bul Gorj, \u00een Subcarpa\u021bii Getici, pe teritoriul administrativ al localit\u0103\u021bilor Albeni, Benge\u0219ti, Bumbe\u0219ti Pi\u021bic, Novaci \u0219i T\u00e2rgu C\u0103rbune\u0219ti. Situl Natura 2000 R\u00e2ul Gilort cuprinde o parte din r\u00e2ul Gilort, zon\u0103 umed\u0103 din regiunea biogeografic\u0103 continental\u0103. Situl se \u00eentinde de-a lungul r\u00e2ului Gilort pe o distan\u021b\u0103 de aproximativ 19 km, \u00eencep\u00e2nd din localitatea Pociovali\u0219tea la nord, p\u00e2n\u0103 \u00een localitatea Doseni la sud. \u00cen apropiere de limita nordic\u0103, situl cuprinde \u0219i aproximativ 3.5 km din r\u00e2ul Galbenul. Situl a fost \u00eenfiin\u021bat pentru protec\u021bia speciilor de interes comunitar a c\u0103ror existen\u021b\u0103 depinde de conservarea ecosistemelor acvatice. Printre aceste specii se num\u0103ra vidra (Lutra lutra), buhaiul de balt\u0103 cu burta galben\u0103 (Bombina variegata) \u0219i specii de pe\u0219ti precum Eudontomyzon mariae (chi\u0219carul) si Sabanejewia aurata (dun\u0103ri\u021ba), specie endemic\u0103 \u00een \u021bara noastr\u0103. Natura 2000 este o re\u021bea ecologic\u0103 de arii protejate ce are scopul de a asigura o stare de conservare favorabil\u0103 a celor mai importante tipuri de habitate \u0219i specii ale Europei. Activit\u0103\u021bile umane sunt permise \u00een siturile Natura 2000, cu condi\u021bia ca ele s\u0103 men\u021bin\u0103 habitatele \u0219i speciile de importan\u021b\u0103 comunitar\u0103 \u00een stare bun\u0103. De\u0219i R\u00e2ul Gilort este unul dintre r\u00e2urile din Oltenia mai pu\u021bin afectate de activit\u0103\u021bile umane, exist\u0103 \u00een continuare o serie de amenin\u021b\u0103ri care pun \u00een pericol habitatele si speciile din aceast\u0103 zon\u0103. Lucr\u0103rile hidrotehnice care \u00eentrerup conectivitatea longitudinal\u0103 a r\u00e2ului, activit\u0103\u021bile de exploatare a nisipului \u0219i pietri\u0219ului, t\u0103ierea masiv\u0103 a p\u0103durilor de lunc\u0103, eroziunea malurilor sau atitudinile negative fa\u021b\u0103 de mediu reprezint\u0103 probleme ce trebuie adresate \u00een cadrul sitului Natura 2000 R\u00e2ul <a href=\"https:\/\/fishforlife.ro\/en\/zona-de-interventie\/\" title=\"Read more on Zona de Interventie\" class=\"more-link\">read more<\/a><\/p>","protected":false},"excerpt":{"rendered":"<p>Proiectul Fish for Life va fi implementat \u00een arealul sitului Natura 2000 R\u00e2ul Gilort, ce se afl\u0103 \u00een jude\u021bul Gorj, \u00een Subcarpa\u021bii Getici, pe teritoriul administrativ al localit\u0103\u021bilor Albeni, Benge\u0219ti, &hellip;<\/p>","protected":false},"author":1,"featured_media":0,"parent":0,"menu_order":0,"comment_status":"closed","ping_status":"closed","template":"","meta":{"footnotes":""},"class_list":["post-3683","page","type-page","status-publish","hentry","no-thumb"],"_links":{"self":[{"href":"https:\/\/fishforlife.ro\/en\/wp-json\/wp\/v2\/pages\/3683","targetHints":{"allow":["GET"]}}],"collection":[{"href":"https:\/\/fishforlife.ro\/en\/wp-json\/wp\/v2\/pages"}],"about":[{"href":"https:\/\/fishforlife.ro\/en\/wp-json\/wp\/v2\/types\/page"}],"author":[{"embeddable":true,"href":"https:\/\/fishforlife.ro\/en\/wp-json\/wp\/v2\/users\/1"}],"replies":[{"embeddable":true,"href":"https:\/\/fishforlife.ro\/en\/wp-json\/wp\/v2\/comments?post=3683"}],"version-history":[{"count":11,"href":"https:\/\/fishforlife.ro\/en\/wp-json\/wp\/v2\/pages\/3683\/revisions"}],"predecessor-version":[{"id":4035,"href":"https:\/\/fishforlife.ro\/en\/wp-json\/wp\/v2\/pages\/3683\/revisions\/4035"}],"wp:attachment":[{"href":"https:\/\/fishforlife.ro\/en\/wp-json\/wp\/v2\/media?parent=3683"}],"curies":[{"name":"wp","href":"https:\/\/api.w.org\/{rel}","templated":true}]}}