{"id":3859,"date":"2018-03-28T13:59:08","date_gmt":"2018-03-28T13:59:08","guid":{"rendered":"http:\/\/fishforlife.ro\/?page_id=3859"},"modified":"2021-03-10T12:00:58","modified_gmt":"2021-03-10T10:00:58","slug":"specii","status":"publish","type":"page","link":"https:\/\/fishforlife.ro\/en\/despre-fish-for-life\/specii\/","title":{"rendered":"Species"},"content":{"rendered":"<p>Speciile cheie care vor beneficia \u00een mod direct \u0219i indirect de ac\u021biunile de conservare din cadrul proiectului Chi\u0219carul (Eudontomyzon mariae) Afl\u0103 Mai Mult Mreana v\u00e2n\u0103t\u0103 (Barbus petenyi) Afl\u0103 Mai Mult Scobarul (Chondrostoma nasus) Afl\u0103 Mai Mult Porcu\u0219orul de nisip (Romanogobio albipinnatus) Afl\u0103 Mai Mult Dun\u0103ri\u021ba (Sabanejewia balcanica) Afl\u0103 Mai Mult Vidra (Lutra lutra) Afl\u0103 Mai Mult<\/p>","protected":false},"excerpt":{"rendered":"<p>Speciile cheie care vor beneficia \u00een mod direct \u0219i indirect de ac\u021biunile de conservare din cadrul proiectului Chi\u0219carul (Eudontomyzon mariae) Afl\u0103 Mai Mult Mreana v\u00e2n\u0103t\u0103 (Barbus petenyi) Afl\u0103 Mai Mult &hellip;<\/p>","protected":false},"author":1,"featured_media":0,"parent":2326,"menu_order":0,"comment_status":"closed","ping_status":"closed","template":"","meta":{"footnotes":""},"class_list":["post-3859","page","type-page","status-publish","hentry","no-thumb"],"_links":{"self":[{"href":"https:\/\/fishforlife.ro\/en\/wp-json\/wp\/v2\/pages\/3859","targetHints":{"allow":["GET"]}}],"collection":[{"href":"https:\/\/fishforlife.ro\/en\/wp-json\/wp\/v2\/pages"}],"about":[{"href":"https:\/\/fishforlife.ro\/en\/wp-json\/wp\/v2\/types\/page"}],"author":[{"embeddable":true,"href":"https:\/\/fishforlife.ro\/en\/wp-json\/wp\/v2\/users\/1"}],"replies":[{"embeddable":true,"href":"https:\/\/fishforlife.ro\/en\/wp-json\/wp\/v2\/comments?post=3859"}],"version-history":[{"count":63,"href":"https:\/\/fishforlife.ro\/en\/wp-json\/wp\/v2\/pages\/3859\/revisions"}],"predecessor-version":[{"id":4848,"href":"https:\/\/fishforlife.ro\/en\/wp-json\/wp\/v2\/pages\/3859\/revisions\/4848"}],"up":[{"embeddable":true,"href":"https:\/\/fishforlife.ro\/en\/wp-json\/wp\/v2\/pages\/2326"}],"wp:attachment":[{"href":"https:\/\/fishforlife.ro\/en\/wp-json\/wp\/v2\/media?parent=3859"}],"curies":[{"name":"wp","href":"https:\/\/api.w.org\/{rel}","templated":true}]}}