{"id":3942,"date":"2018-04-04T13:41:13","date_gmt":"2018-04-04T13:41:13","guid":{"rendered":"http:\/\/fishforlife.ro\/?page_id=3942"},"modified":"2024-07-30T15:49:07","modified_gmt":"2024-07-30T13:49:07","slug":"echipa","status":"publish","type":"page","link":"https:\/\/fishforlife.ro\/en\/echipa\/","title":{"rendered":"Team"},"content":{"rendered":"<p>Nicolae Calma APM Gorj Manager Proiect Nicolae Calma are 10 ani experien\u021b\u0103 \u00een elaborare \u0219i implementare de proiecte \u00een domeniul protec\u021biei naturii. Coordoneaz\u0103 \u00een cadrul APM Gorj activitatea de custodie a sitului Natura 2000 R\u00e2ul Gilort \u00een calitate de manager tehnic. Coordoneaz\u0103 \u0219i particip\u0103 la implementarea proiectului Fish for LIFE \u00een conformitate cu termenii \u0219i dispozi\u021biile contractuale comune ale Comisiei Europene, controleaz\u0103 procedurile administrative \u0219i financiare, gestioneaz\u0103 ac\u021biunile proiectului \u0219i coordoneaz\u0103 personalul responsabil cu \u00eendeplinirea sarcinilor. Coordoneaz\u0103 buna comunicare \u00eentre beneficiarii proiectului \u0219i organiza\u021biile externe (Comisia European\u0103, unitatea de monitorizare extern\u0103, autorit\u0103\u021bile rom\u00e2ne) \u0219i raporteaz\u0103 periodic Comisiei Europene \u0219i partenerilor. Echip\u0103 Proiect Marius Matache Universitatea Din Bucure\u0219ti Coordonator beneficiar asociat Marius Matache are 20 de ani experien\u021b\u0103 \u00een domeniul proiectelor de cercetare a mediului \u0219i este doctor \u00een chimie, specializat \u00een chimia mediului. De asemenea, are experien\u021b\u0103 \u00een coordonarea de activit\u0103\u021bi media \u0219i educa\u021bionale \u00een domeniul biodiversit\u0103\u021bii (\u00een special proiecte Life Nature). \u00cen cadrul proiectului este coordonator al echipei Universit\u0103\u021bii din Bucure\u0219ti, Centrul de Cercetare a Mediului \u0219i Efectuare a Studiilor de Impact, beneficiar asociat al proiectului, fiind responsabil de activit\u0103\u021bile de comunicare (comunicate de pres\u0103, con\u021binut site etc.) \u0219i de activit\u0103\u021bile de monitorizare a calit\u0103\u021bii apelor r\u00e2ului Gilort din cadrul evalu\u0103rii serviciilor ecosistemice. Dr. Cristian Tetelea Invisible Nature Responsabil reconstruc\u021bie ecologic\u0103 Consultant cu experien\u021b\u0103 \u00eendelungat\u0103 \u00een proiecte de conservare a naturii, certificat CERP (Certified Ecological Restoration Practitioner) \u0219i pasionat de r\u00e2uri, Cristian Tetelea \u00ee\u0219i dore\u0219te ca prin intermediul acestui proiect gestionarii de arii protejate \u0219i cei responsabili cu managementul apei s\u0103 \u00een\u021beleag\u0103 rolul \u0219i aplicabilitatea m\u0103surilor de reconstruc\u021bie ecologic\u0103 pentru reducerea problemelor actuale ale r\u00e2urilor din Rom\u00e2nia. Consider\u0103 c\u0103 <a href=\"https:\/\/fishforlife.ro\/en\/echipa\/\" title=\"Read more on Echipa\" class=\"more-link\">read more<\/a><\/p>","protected":false},"excerpt":{"rendered":"<p>Nicolae Calma APM Gorj Manager Proiect Nicolae Calma are 10 ani experien\u021b\u0103 \u00een elaborare \u0219i implementare de proiecte \u00een domeniul protec\u021biei naturii. Coordoneaz\u0103 \u00een cadrul APM Gorj activitatea de custodie &hellip;<\/p>","protected":false},"author":1,"featured_media":0,"parent":0,"menu_order":0,"comment_status":"closed","ping_status":"closed","template":"","meta":{"footnotes":""},"class_list":["post-3942","page","type-page","status-publish","hentry","no-thumb"],"_links":{"self":[{"href":"https:\/\/fishforlife.ro\/en\/wp-json\/wp\/v2\/pages\/3942","targetHints":{"allow":["GET"]}}],"collection":[{"href":"https:\/\/fishforlife.ro\/en\/wp-json\/wp\/v2\/pages"}],"about":[{"href":"https:\/\/fishforlife.ro\/en\/wp-json\/wp\/v2\/types\/page"}],"author":[{"embeddable":true,"href":"https:\/\/fishforlife.ro\/en\/wp-json\/wp\/v2\/users\/1"}],"replies":[{"embeddable":true,"href":"https:\/\/fishforlife.ro\/en\/wp-json\/wp\/v2\/comments?post=3942"}],"version-history":[{"count":59,"href":"https:\/\/fishforlife.ro\/en\/wp-json\/wp\/v2\/pages\/3942\/revisions"}],"predecessor-version":[{"id":5443,"href":"https:\/\/fishforlife.ro\/en\/wp-json\/wp\/v2\/pages\/3942\/revisions\/5443"}],"wp:attachment":[{"href":"https:\/\/fishforlife.ro\/en\/wp-json\/wp\/v2\/media?parent=3942"}],"curies":[{"name":"wp","href":"https:\/\/api.w.org\/{rel}","templated":true}]}}