{"id":4214,"date":"2018-04-11T16:33:29","date_gmt":"2018-04-11T16:33:29","guid":{"rendered":"http:\/\/fishforlife.ro\/?page_id=4214"},"modified":"2018-04-11T16:34:07","modified_gmt":"2018-04-11T16:34:07","slug":"refacerea-conectivitatii-raului-gilort","status":"publish","type":"page","link":"https:\/\/fishforlife.ro\/en\/despre-fish-for-life\/actiuni-cheie\/refacerea-conectivitatii-raului-gilort\/","title":{"rendered":"Restoring the connectivity of the Gilort River"},"content":{"rendered":"<p>Refacerea conectivit\u0103\u021bii r\u00e2ului Gilort \u00cen cadrul proiectului Fish for Life, vor fi construite dou\u0103 pasaje pentru pe\u0219ti func\u021bionale pe dou\u0103 praguri deversoare de pe r\u00e2ul Gilort (la Albeni \u0219i T\u00e2rgu C\u0103rbune\u0219ti), ce vor asigura conectivitatea longitudinal\u0103 pentru 175 de km de r\u00e2u \u00een dou\u0103 situri Natura 2000 (R\u00e2ul Gilort \u0219i Coridorul Jiului).<\/p>","protected":false},"excerpt":{"rendered":"<p>Refacerea conectivit\u0103\u021bii r\u00e2ului Gilort \u00cen cadrul proiectului Fish for Life, vor fi construite dou\u0103 pasaje pentru pe\u0219ti func\u021bionale pe dou\u0103 praguri deversoare de pe r\u00e2ul Gilort (la Albeni \u0219i T\u00e2rgu &hellip;<\/p>","protected":false},"author":1,"featured_media":0,"parent":4200,"menu_order":0,"comment_status":"closed","ping_status":"closed","template":"","meta":{"footnotes":""},"class_list":["post-4214","page","type-page","status-publish","hentry","no-thumb"],"_links":{"self":[{"href":"https:\/\/fishforlife.ro\/en\/wp-json\/wp\/v2\/pages\/4214","targetHints":{"allow":["GET"]}}],"collection":[{"href":"https:\/\/fishforlife.ro\/en\/wp-json\/wp\/v2\/pages"}],"about":[{"href":"https:\/\/fishforlife.ro\/en\/wp-json\/wp\/v2\/types\/page"}],"author":[{"embeddable":true,"href":"https:\/\/fishforlife.ro\/en\/wp-json\/wp\/v2\/users\/1"}],"replies":[{"embeddable":true,"href":"https:\/\/fishforlife.ro\/en\/wp-json\/wp\/v2\/comments?post=4214"}],"version-history":[{"count":2,"href":"https:\/\/fishforlife.ro\/en\/wp-json\/wp\/v2\/pages\/4214\/revisions"}],"predecessor-version":[{"id":4218,"href":"https:\/\/fishforlife.ro\/en\/wp-json\/wp\/v2\/pages\/4214\/revisions\/4218"}],"up":[{"embeddable":true,"href":"https:\/\/fishforlife.ro\/en\/wp-json\/wp\/v2\/pages\/4200"}],"wp:attachment":[{"href":"https:\/\/fishforlife.ro\/en\/wp-json\/wp\/v2\/media?parent=4214"}],"curies":[{"name":"wp","href":"https:\/\/api.w.org\/{rel}","templated":true}]}}