{"id":459,"date":"2016-12-23T14:13:57","date_gmt":"2016-12-23T14:13:57","guid":{"rendered":"http:\/\/ld-wp.template-help.com\/wordpress_64785-sample\/?page_id=459"},"modified":"2026-02-18T14:29:49","modified_gmt":"2026-02-18T12:29:49","slug":"publicatii","status":"publish","type":"page","link":"https:\/\/fishforlife.ro\/en\/publicatii\/","title":{"rendered":"Publications"},"content":{"rendered":"<p>Descarc\u0103 bro\u0219ura Descarc\u0103 nr. 2 al revistei Descarc\u0103 Nr. 1 al revistei Descarc\u0103 bro\u0219ura Evenimentul de lansare a proiectului, decembrie 2017 descarc\u0103 aici \u00cent\u00e2lnire cu autorit\u0103\u021bile locale, factori de decizie \u0219i comunit\u0103\u021bile locale, octombrie 2019 descarc\u0103 aici Educa\u021bie pentru mediu \u00een comunit\u0103\u021bile locale, iunie 2021 descarc\u0103 aici Finalizarea lucr\u0103rilor de reconstruc\u021bie ecologic\u0103, septembrie 2023 descarc\u0103 aici \u00cent\u00e2lnire cu autorit\u0103\u021bile locale, factori de decizie \u0219i comunit\u0103\u021bile locale, noiembrie 2023 descarc\u0103 aici Inaugurare traseu tematic, 26 aprilie 2024 descarc\u0103 aici Finalizare plant\u0103ri, 1 aprilie 2024 descarc\u0103 aici Sesiune de training destinat\u0103 custozilor siturilor Natura 2000 \u0219i autorit\u0103\u021bilor care gestioneaz\u0103 corpurile de ap\u0103 descarc\u0103 aici Eveniment final al proiectului, decembrie 2025 descarc\u0103 aici Finalizare pasaj Albeni, februarie 2026 descarc\u0103 aici<\/p>","protected":false},"excerpt":{"rendered":"<p>Descarc\u0103 bro\u0219ura Descarc\u0103 nr. 2 al revistei Descarc\u0103 Nr. 1 al revistei Descarc\u0103 bro\u0219ura Evenimentul de lansare a proiectului, decembrie 2017 descarc\u0103 aici \u00cent\u00e2lnire cu autorit\u0103\u021bile locale, factori de decizie &hellip;<\/p>","protected":false},"author":1,"featured_media":0,"parent":0,"menu_order":0,"comment_status":"closed","ping_status":"closed","template":"","meta":{"footnotes":""},"class_list":["post-459","page","type-page","status-publish","hentry","no-thumb"],"_links":{"self":[{"href":"https:\/\/fishforlife.ro\/en\/wp-json\/wp\/v2\/pages\/459","targetHints":{"allow":["GET"]}}],"collection":[{"href":"https:\/\/fishforlife.ro\/en\/wp-json\/wp\/v2\/pages"}],"about":[{"href":"https:\/\/fishforlife.ro\/en\/wp-json\/wp\/v2\/types\/page"}],"author":[{"embeddable":true,"href":"https:\/\/fishforlife.ro\/en\/wp-json\/wp\/v2\/users\/1"}],"replies":[{"embeddable":true,"href":"https:\/\/fishforlife.ro\/en\/wp-json\/wp\/v2\/comments?post=459"}],"version-history":[{"count":28,"href":"https:\/\/fishforlife.ro\/en\/wp-json\/wp\/v2\/pages\/459\/revisions"}],"predecessor-version":[{"id":5553,"href":"https:\/\/fishforlife.ro\/en\/wp-json\/wp\/v2\/pages\/459\/revisions\/5553"}],"wp:attachment":[{"href":"https:\/\/fishforlife.ro\/en\/wp-json\/wp\/v2\/media?parent=459"}],"curies":[{"name":"wp","href":"https:\/\/api.w.org\/{rel}","templated":true}]}}