{"id":463,"date":"2016-03-23T14:24:35","date_gmt":"2016-03-23T14:24:35","guid":{"rendered":"http:\/\/ld-wp.template-help.com\/wordpress_64785-sample\/?page_id=463"},"modified":"2026-02-20T15:11:39","modified_gmt":"2026-02-20T13:11:39","slug":"video","status":"publish","type":"page","link":"https:\/\/fishforlife.ro\/en\/video\/","title":{"rendered":"Video"},"content":{"rendered":"<p>APM Gorj 2025 film 10 Gilort &#8211; SUBTITRAT ENGLEZA\u0306 APM Gorj 2025 film 9 Gilort Refacerea conectivit\u0103\u021bii \u0219i a culoarelor de migra\u021bie APM Gorj &#8211; Film Educatie Ecologica LIFE IS 30-TOTEM SHOPPING CITY TG JIU \u00cen dialog cu comunitatea local\u0103 Bune practici pentru managementul \u0219i reconstruc\u021bia ecologic\u0103 a r\u00e2urilor Bune practici \u0219i ac\u021biuni demonstrative pentru reconstruc\u021bia ecologic\u0103 a r\u00e2urilor Colaborare pentru managementul integrat al apelor Refacerea culoarelor de migra\u021bie \u0219i a habitatelor pentru pe\u0219ti \u00een r\u00e2ul Gilort Pe\u0219ti care \u00eencearc\u0103 s\u0103 migreze \u00een amonte pe r\u00e2ul Gilort<\/p>","protected":false},"excerpt":{"rendered":"<p>APM Gorj 2025 film 10 Gilort &#8211; SUBTITRAT ENGLEZA\u0306 APM Gorj 2025 film 9 Gilort Refacerea conectivit\u0103\u021bii \u0219i a culoarelor de migra\u021bie APM Gorj &#8211; Film Educatie Ecologica LIFE IS &hellip;<\/p>","protected":false},"author":1,"featured_media":0,"parent":0,"menu_order":0,"comment_status":"closed","ping_status":"closed","template":"","meta":{"footnotes":""},"class_list":["post-463","page","type-page","status-publish","hentry","no-thumb"],"_links":{"self":[{"href":"https:\/\/fishforlife.ro\/en\/wp-json\/wp\/v2\/pages\/463","targetHints":{"allow":["GET"]}}],"collection":[{"href":"https:\/\/fishforlife.ro\/en\/wp-json\/wp\/v2\/pages"}],"about":[{"href":"https:\/\/fishforlife.ro\/en\/wp-json\/wp\/v2\/types\/page"}],"author":[{"embeddable":true,"href":"https:\/\/fishforlife.ro\/en\/wp-json\/wp\/v2\/users\/1"}],"replies":[{"embeddable":true,"href":"https:\/\/fishforlife.ro\/en\/wp-json\/wp\/v2\/comments?post=463"}],"version-history":[{"count":23,"href":"https:\/\/fishforlife.ro\/en\/wp-json\/wp\/v2\/pages\/463\/revisions"}],"predecessor-version":[{"id":5555,"href":"https:\/\/fishforlife.ro\/en\/wp-json\/wp\/v2\/pages\/463\/revisions\/5555"}],"wp:attachment":[{"href":"https:\/\/fishforlife.ro\/en\/wp-json\/wp\/v2\/media?parent=463"}],"curies":[{"name":"wp","href":"https:\/\/api.w.org\/{rel}","templated":true}]}}