{"id":5464,"date":"2024-10-14T13:11:16","date_gmt":"2024-10-14T11:11:16","guid":{"rendered":"https:\/\/fishforlife.ro\/?page_id=5464"},"modified":"2024-10-14T13:34:51","modified_gmt":"2024-10-14T11:34:51","slug":"fish-for-life-in-mass-media","status":"publish","type":"page","link":"https:\/\/fishforlife.ro\/en\/fish-for-life-in-mass-media\/","title":{"rendered":"Fish for LIFE \u00een mass-media"},"content":{"rendered":"<p>Despre proiect la \u0218tirile ProTV Albia r\u00e2ului Gilort, ref\u0103cut\u0103 cu fonduri europene. A costat 1,5 milioane de euro \u0219i va fi un model pentru alte r\u00e2uri \u201ePescuit \u0219tiin\u021bific\u201d pe bani europeni. R\u00e2ul din Rom\u00e2nia pe care au ap\u0103rut dou\u0103 noi specii de peste Radio Omega &#8211; Invitatul Zilei &#8211; Calma Nicolae \/ Manager Proiect Fish For Life<\/p>","protected":false},"excerpt":{"rendered":"<p>Despre proiect la \u0218tirile ProTV Albia r\u00e2ului Gilort, ref\u0103cut\u0103 cu fonduri europene. A costat 1,5 milioane de euro \u0219i va fi un model pentru alte r\u00e2uri \u201ePescuit \u0219tiin\u021bific\u201d pe bani &hellip;<\/p>","protected":false},"author":9,"featured_media":0,"parent":0,"menu_order":0,"comment_status":"closed","ping_status":"closed","template":"","meta":{"footnotes":""},"class_list":["post-5464","page","type-page","status-publish","hentry","no-thumb"],"_links":{"self":[{"href":"https:\/\/fishforlife.ro\/en\/wp-json\/wp\/v2\/pages\/5464","targetHints":{"allow":["GET"]}}],"collection":[{"href":"https:\/\/fishforlife.ro\/en\/wp-json\/wp\/v2\/pages"}],"about":[{"href":"https:\/\/fishforlife.ro\/en\/wp-json\/wp\/v2\/types\/page"}],"author":[{"embeddable":true,"href":"https:\/\/fishforlife.ro\/en\/wp-json\/wp\/v2\/users\/9"}],"replies":[{"embeddable":true,"href":"https:\/\/fishforlife.ro\/en\/wp-json\/wp\/v2\/comments?post=5464"}],"version-history":[{"count":5,"href":"https:\/\/fishforlife.ro\/en\/wp-json\/wp\/v2\/pages\/5464\/revisions"}],"predecessor-version":[{"id":5470,"href":"https:\/\/fishforlife.ro\/en\/wp-json\/wp\/v2\/pages\/5464\/revisions\/5470"}],"wp:attachment":[{"href":"https:\/\/fishforlife.ro\/en\/wp-json\/wp\/v2\/media?parent=5464"}],"curies":[{"name":"wp","href":"https:\/\/api.w.org\/{rel}","templated":true}]}}